{"id":12572,"date":"2022-01-04T15:34:16","date_gmt":"2022-01-04T15:34:16","guid":{"rendered":"https:\/\/slackshow.com\/new\/?post_type=product&#038;p=12572"},"modified":"2026-04-20T17:16:18","modified_gmt":"2026-04-20T17:16:18","slug":"t-shirt","status":"publish","type":"product","link":"https:\/\/slackshow.com\/new\/product\/t-shirt\/","title":{"rendered":"T-shirt lines"},"content":{"rendered":"<ul>\n<li>Kvalitn\u00ed bavln\u011bn\u00e9 tri\u010dko s origin\u00e1ln\u00edm designem od @philipski a s\u00edtotisk p\u0159\u00edmo z liberce @matesart<\/li>\n<li>M\u00e1me velikosti \u00a0S\/M\/L<\/li>\n<\/ul>\n","protected":false},"excerpt":{"rendered":"<p>Kvalitn\u00ed bavln\u011bn\u00e9 tri\u010dko s origin\u00e1ln\u00edm designem od @philipski a s\u00edtotisk&hellip;<\/p>\n<p> <a class=\"more-link\" href=\"https:\/\/slackshow.com\/new\/product\/t-shirt\/\">\u010ct\u011bte v\u00edce<\/a><\/p>\n","protected":false},"featured_media":12707,"comment_status":"open","ping_status":"closed","template":"","meta":[],"product_cat":[48],"product_tag":[],"_links":{"self":[{"href":"https:\/\/slackshow.com\/new\/wp-json\/wp\/v2\/product\/12572"}],"collection":[{"href":"https:\/\/slackshow.com\/new\/wp-json\/wp\/v2\/product"}],"about":[{"href":"https:\/\/slackshow.com\/new\/wp-json\/wp\/v2\/types\/product"}],"replies":[{"embeddable":true,"href":"https:\/\/slackshow.com\/new\/wp-json\/wp\/v2\/comments?post=12572"}],"wp:featuredmedia":[{"embeddable":true,"href":"https:\/\/slackshow.com\/new\/wp-json\/wp\/v2\/media\/12707"}],"wp:attachment":[{"href":"https:\/\/slackshow.com\/new\/wp-json\/wp\/v2\/media?parent=12572"}],"wp:term":[{"taxonomy":"product_cat","embeddable":true,"href":"https:\/\/slackshow.com\/new\/wp-json\/wp\/v2\/product_cat?post=12572"},{"taxonomy":"product_tag","embeddable":true,"href":"https:\/\/slackshow.com\/new\/wp-json\/wp\/v2\/product_tag?post=12572"}],"curies":[{"name":"wp","href":"https:\/\/api.w.org\/{rel}","templated":true}]}}