{"id":89,"date":"2017-12-15T03:57:20","date_gmt":"2017-12-15T03:57:20","guid":{"rendered":"https:\/\/woocommercecore.mystagingwebsite.com\/?product=wordpress-pennant"},"modified":"2026-04-27T20:52:24","modified_gmt":"2026-04-27T20:52:24","slug":"wordpress-pennant","status":"publish","type":"product","link":"https:\/\/slackshow.com\/new\/en\/product\/wordpress-pennant\/","title":{"rendered":"Snap back"},"content":{"rendered":"<ul>\n<li>k\u0161iltovka s lehce zahnut\u00fdm k\u0161iltem<\/li>\n<li>logo je vy\u0161it\u00e9<\/li>\n<li>skl\u00e1d\u00e1 se z 5 panel\u016f<\/li>\n<\/ul>","protected":false},"excerpt":{"rendered":"<p>k\u0161iltovka s lehce zahnut\u00fdm k\u0161iltem logo je vy\u0161it\u00e9 skl\u00e1d\u00e1 se&hellip;<\/p>\n<p> <a class=\"more-link\" href=\"https:\/\/slackshow.com\/new\/en\/product\/wordpress-pennant\/\" data-no-translation=\"\" data-trp-gettext=\"\">Read more<\/a><\/p>","protected":false},"featured_media":12820,"comment_status":"open","ping_status":"closed","template":"","meta":[],"product_cat":[44],"product_tag":[],"_links":{"self":[{"href":"https:\/\/slackshow.com\/new\/en\/wp-json\/wp\/v2\/product\/89"}],"collection":[{"href":"https:\/\/slackshow.com\/new\/en\/wp-json\/wp\/v2\/product"}],"about":[{"href":"https:\/\/slackshow.com\/new\/en\/wp-json\/wp\/v2\/types\/product"}],"replies":[{"embeddable":true,"href":"https:\/\/slackshow.com\/new\/en\/wp-json\/wp\/v2\/comments?post=89"}],"wp:featuredmedia":[{"embeddable":true,"href":"https:\/\/slackshow.com\/new\/en\/wp-json\/wp\/v2\/media\/12820"}],"wp:attachment":[{"href":"https:\/\/slackshow.com\/new\/en\/wp-json\/wp\/v2\/media?parent=89"}],"wp:term":[{"taxonomy":"product_cat","embeddable":true,"href":"https:\/\/slackshow.com\/new\/en\/wp-json\/wp\/v2\/product_cat?post=89"},{"taxonomy":"product_tag","embeddable":true,"href":"https:\/\/slackshow.com\/new\/en\/wp-json\/wp\/v2\/product_tag?post=89"}],"curies":[{"name":"wp","href":"https:\/\/api.w.org\/{rel}","templated":true}]}}